{"id":1572,"date":"2019-02-27T09:33:53","date_gmt":"2019-02-27T08:33:53","guid":{"rendered":"http:\/\/vigilantesmarinos.es\/?page_id=1572"},"modified":"2021-05-06T23:04:41","modified_gmt":"2021-05-06T21:04:41","slug":"documentos-de-interes","status":"publish","type":"page","link":"https:\/\/vigilantesmarinos.es\/fedas\/?page_id=1572","title":{"rendered":"Documentos de Inter\u00e9s"},"content":{"rendered":"<div id=\"pl-1572\"  class=\"panel-layout\" ><div id=\"pg-1572-0\"  class=\"panel-grid panel-no-style\" ><div id=\"pgc-1572-0-0\"  class=\"panel-grid-cell\" ><div id=\"panel-1572-0-0-0\" class=\"so-panel widget widget_sow-editor panel-first-child\" data-index=\"0\" ><div class=\"so-widget-sow-editor so-widget-sow-editor-base\">\n<div class=\"siteorigin-widget-tinymce textwidget\">\n\t<h6 style=\"text-align: left;\">Documentos y enlaces de inter\u00e9s \u00fatiles para poner en marcha tus iniciativas.<\/h6>\n<p style=\"text-align: left;\"><strong>Aplicaci\u00f3n app MARNOBA<\/strong> para distintos dispositivos y manual de uso. Con ella podr\u00e1s caracterizar los residuos que se sean retirados por tus voluntarios.<\/p>\n<p style=\"text-align: left;\"><strong>Desgargala aqu\u00ed: <a href=\"https:\/\/vertidoscero.com\/appmarnoba\/\" target=\"_blank\" rel=\"noopener noreferrer\">Aplicaci\u00f3n MARNOBA app<\/a><\/strong><\/p>\n<p style=\"text-align: left;\"><strong>Visor MARNOBA<\/strong> para obtener los datos que desde las distintas localizaciones suben los buceadores.<\/p>\n<p style=\"text-align: left;\"><strong>Aqu\u00ed puedes buscar los tuyos:<\/strong> \u00a0\u00a0 <a href=\"https:\/\/visor.marnoba.vertidoscero.com\/2\" target=\"_blank\" rel=\"noopener noreferrer\">Visor Marnoba<\/a><\/p>\n<\/div>\n<\/div><\/div><div id=\"panel-1572-0-0-1\" class=\"so-panel widget widget_sow-editor panel-last-child\" data-index=\"1\" ><div class=\"so-widget-sow-editor so-widget-sow-editor-base\">\n<div class=\"siteorigin-widget-tinymce textwidget\">\n\t<h6 style=\"text-align: left;\">Como parte de las alianzas Libera, tenemos acceso a recursos y material que facilitar\u00e1 nuestras iniciativas.<\/h6>\n<p style=\"text-align: left;\"><strong>Aqu\u00ed encontraras todo lo que necesitas:\u00a0<a href=\"https:\/\/proyectolibera.org\/recursos\/\" target=\"_blank\" rel=\"noopener\">Recursos Libera<\/a><\/strong><\/p>\n<\/div>\n<\/div><\/div><\/div><\/div><\/div><div style=\"clear:both;\"><\/div>","protected":false},"excerpt":{"rendered":"<p>Documentos y enlaces de inter\u00e9s \u00fatiles para poner en marcha tus iniciativas. Aplicaci\u00f3n app MARNOBA para distintos dispositivos y manual de uso. Con ella podr\u00e1s caracterizar los residuos que se sean retirados por tus voluntarios. Desgargala aqu\u00ed: Aplicaci\u00f3n MARNOBA app Visor MARNOBA para obtener los datos que desde las distintas localizaciones suben los buceadores. Aqu\u00ed [&hellip;]<\/p>\n","protected":false},"author":1,"featured_media":1560,"parent":0,"menu_order":0,"comment_status":"closed","ping_status":"closed","template":"","meta":{"tdm_status":"","tdm_grid_status":""},"_links":{"self":[{"href":"https:\/\/vigilantesmarinos.es\/fedas\/index.php?rest_route=\/wp\/v2\/pages\/1572"}],"collection":[{"href":"https:\/\/vigilantesmarinos.es\/fedas\/index.php?rest_route=\/wp\/v2\/pages"}],"about":[{"href":"https:\/\/vigilantesmarinos.es\/fedas\/index.php?rest_route=\/wp\/v2\/types\/page"}],"author":[{"embeddable":true,"href":"https:\/\/vigilantesmarinos.es\/fedas\/index.php?rest_route=\/wp\/v2\/users\/1"}],"replies":[{"embeddable":true,"href":"https:\/\/vigilantesmarinos.es\/fedas\/index.php?rest_route=%2Fwp%2Fv2%2Fcomments&post=1572"}],"version-history":[{"count":12,"href":"https:\/\/vigilantesmarinos.es\/fedas\/index.php?rest_route=\/wp\/v2\/pages\/1572\/revisions"}],"predecessor-version":[{"id":1984,"href":"https:\/\/vigilantesmarinos.es\/fedas\/index.php?rest_route=\/wp\/v2\/pages\/1572\/revisions\/1984"}],"wp:featuredmedia":[{"embeddable":true,"href":"https:\/\/vigilantesmarinos.es\/fedas\/index.php?rest_route=\/wp\/v2\/media\/1560"}],"wp:attachment":[{"href":"https:\/\/vigilantesmarinos.es\/fedas\/index.php?rest_route=%2Fwp%2Fv2%2Fmedia&parent=1572"}],"curies":[{"name":"wp","href":"https:\/\/api.w.org\/{rel}","templated":true}]}}