{"id":1462,"date":"2019-02-10T23:02:55","date_gmt":"2019-02-10T22:02:55","guid":{"rendered":"http:\/\/vigilantesmarinos.es\/?page_id=1462"},"modified":"2021-05-13T13:44:18","modified_gmt":"2021-05-13T11:44:18","slug":"apuntate","status":"publish","type":"page","link":"https:\/\/vigilantesmarinos.es\/fedas\/?page_id=1462","title":{"rendered":"Ap\u00fantate"},"content":{"rendered":"<div id=\"pl-1462\"  class=\"panel-layout\" ><div id=\"pg-1462-0\"  class=\"panel-grid panel-no-style\" ><div id=\"pgc-1462-0-0\"  class=\"panel-grid-cell\" ><div id=\"panel-1462-0-0-0\" class=\"so-panel widget widget_black-studio-tinymce widget_black_studio_tinymce panel-first-child panel-last-child\" data-index=\"0\" ><div class=\"textwidget\"><h1 style=\"text-align: center;\"><strong>COMO PARTICIPAR<\/strong><\/h1>\n<p style=\"text-align: center;\">An\u00edmate y \u00fanete a la Red de Vigilantes Marinos!<br \/>\nNo pierdes nada y puedes aportar mucho!<\/p>\n<p style=\"text-align: center;\"><a href=\"http:\/\/vigilantesmarinos.es\/fedas\/wp-content\/uploads\/Red.jpg\"><img class=\"aligncenter wp-image-538\" src=\"http:\/\/vigilantesmarinos.es\/fedas\/wp-content\/uploads\/Red-e1506615506214.jpg\" alt=\"Red\" width=\"487\" height=\"195\" \/><\/a><\/p>\n<p style=\"text-align: center;\">Puedes descargarte el formulario y hac\u00e9rnoslo llegar por mail.<\/p>\n<p style=\"text-align: center;\">Si nos lo env\u00edas estar\u00e1s aceptando que eres mayor de 16 a\u00f1os y <a href=\"http:\/\/vigilantesmarinos.es\/?page_id=1233\" target=\"_blank\" rel=\"noopener\">nuestra pol\u00edtica de protecci\u00f3n de datos<\/a>.<\/p>\n<p style=\"text-align: center;\">Puedes obtener el documento de adhesi\u00f3n individual aqu\u00ed:<\/p>\n<h2><div class=\"wpfilebase-file-default\" onclick=\"if('undefined' == typeof event.target.href) document.getElementById('wpfb-file-link-1').click();\">\r\n  <div class=\"icon\"><a href=\"https:\/\/vigilantesmarinos.es\/fedas\/?wpfb_dl=4\" target=\"_blank\" title=\"Download Vigilantes Marinos\"><img align=\"middle\" src=\"https:\/\/vigilantesmarinos.es\/fedas\/wp-includes\/images\/crystal\/document.png\" alt=\"Vigilantes Marinos\" \/><\/a><\/div>\r\n  <div class=\"filetitle\">\r\n    <a href=\"https:\/\/vigilantesmarinos.es\/fedas\/?wpfb_dl=4\" title=\"Download Vigilantes Marinos\" target=\"_blank\" id=\"wpfb-file-link-1\">Vigilantes Marinos<\/a>\r\n    \r\n    <br \/>\r\n    vigilantes-marinos.pdf<br \/>\r\n    \r\n  <\/div>\r\n  <div class=\"info\">\r\n    341.5 KiB<br \/>\r\n    3729 Downloads<br \/>\r\n    <a href=\"#\" onclick=\"return wpfilebase_filedetails(1);\">Detalles<\/a>\r\n  <\/div>\r\n  <div class=\"details\" id=\"wpfilebase-filedetails1\" style=\"display: none;\">\r\n  \r\n  <table border=\"0\">\r\n   \r\n   \r\n   \r\n   \r\n   \r\n   \r\n   <tr><td><strong>Fecha:<\/strong><\/td><td>17 abril, 2015<\/td><\/tr>\r\n  <\/table>\r\n  <\/div>\r\n <div style=\"clear: both;\"><\/div>\r\n<\/div><\/h2>\n<p style=\"text-align: center;\"><strong>Si quieres participar como Club o Centro de buceo escr\u00edbenos a info@vigilantesmarinos.es<\/strong><\/p>\n<\/div><\/div><\/div><\/div><\/div><div style=\"clear:both;\"><\/div>","protected":false},"excerpt":{"rendered":"<p>COMO PARTICIPAR An\u00edmate y \u00fanete a la Red de Vigilantes Marinos! No pierdes nada y puedes aportar mucho! Puedes descargarte el formulario y hac\u00e9rnoslo llegar por mail. Si nos lo env\u00edas estar\u00e1s aceptando que eres mayor de 16 a\u00f1os y nuestra pol\u00edtica de protecci\u00f3n de datos. Puedes obtener el documento de adhesi\u00f3n individual aqu\u00ed: Si [&hellip;]<\/p>\n","protected":false},"author":1,"featured_media":0,"parent":0,"menu_order":0,"comment_status":"closed","ping_status":"closed","template":"","meta":{"tdm_status":"","tdm_grid_status":""},"_links":{"self":[{"href":"https:\/\/vigilantesmarinos.es\/fedas\/index.php?rest_route=\/wp\/v2\/pages\/1462"}],"collection":[{"href":"https:\/\/vigilantesmarinos.es\/fedas\/index.php?rest_route=\/wp\/v2\/pages"}],"about":[{"href":"https:\/\/vigilantesmarinos.es\/fedas\/index.php?rest_route=\/wp\/v2\/types\/page"}],"author":[{"embeddable":true,"href":"https:\/\/vigilantesmarinos.es\/fedas\/index.php?rest_route=\/wp\/v2\/users\/1"}],"replies":[{"embeddable":true,"href":"https:\/\/vigilantesmarinos.es\/fedas\/index.php?rest_route=%2Fwp%2Fv2%2Fcomments&post=1462"}],"version-history":[{"count":6,"href":"https:\/\/vigilantesmarinos.es\/fedas\/index.php?rest_route=\/wp\/v2\/pages\/1462\/revisions"}],"predecessor-version":[{"id":2055,"href":"https:\/\/vigilantesmarinos.es\/fedas\/index.php?rest_route=\/wp\/v2\/pages\/1462\/revisions\/2055"}],"wp:attachment":[{"href":"https:\/\/vigilantesmarinos.es\/fedas\/index.php?rest_route=%2Fwp%2Fv2%2Fmedia&parent=1462"}],"curies":[{"name":"wp","href":"https:\/\/api.w.org\/{rel}","templated":true}]}}